{"id":24,"date":"2021-07-01T13:22:42","date_gmt":"2021-07-01T11:22:42","guid":{"rendered":"http:\/\/pieski2.nowytarg.pl\/?page_id=24"},"modified":"2026-04-12T20:01:16","modified_gmt":"2026-04-12T18:01:16","slug":"o-nas","status":"publish","type":"page","link":"http:\/\/pieski.nowytarg.pl\/o-nas\/","title":{"rendered":"O nas"},"content":{"rendered":"\n<p>Schronisko dla Bezdomnych Zwierz\u0105t w Nowym Targu istnieje od 1992 roku. Mie\u015bci si\u0119 przy ulicy Kokoszk\u00f3w 101.<\/p>\n\n\n\n<p>Trafiaj\u0105 tu bezdomne zwierz\u0119ta przywo\u017cone na polecenie Stra\u017cy Gminnej i Policji.<\/p>\n\n\n\n<p>Obecnie przebywaj\u0105 w Schronisku bezdomne psy z m.in. teren\u00f3w Miast: Nowy Targ, Zakopane, Jordan\u00f3w, Szczawnica, Kro\u015bcienko n\/D, Mszana Dolna, Sucha Beskidzka oraz Gmin; Nowy Targ, Mszana Dolna, \u0141apsze Ni\u017cne, Nied\u017awied\u017a, Szaflary, Czarny Dunajec, Pcim, a tak\u017ce z Bukowiny Tatrza\u0144skiej.<\/p>\n\n\n\n<p>W Schronisku przebywaj\u0105 psy, kt\u00f3re czekaj\u0105 na nowy dom i adopcj\u0119. To najwi\u0119ksza pomoc dla tych zwierz\u0105t &#8211; ADOPCJA oraz nowy dom. Psy trzymane s\u0105 w przestronnych boksach z ocieplonymi budami. Psy karmione s\u0105 latem raz, a zim\u0105 dwa razy. Maj\u0105 zapewnion\u0105 opiek\u0119 weterynaryjn\u0105 oraz pe\u0142nowarto\u015bciowe wy\u017cywienie przygotowywane ka\u017cdego dnia. <br>Zapraszamy!<br>Schronisko czynne od poniedzia\u0142ku do soboty w\u0142\u0105cznie w godzinach 11.00 &#8211; 15.00.<br><br>Zapraszamy na nasze strony:<br>https:\/\/www.facebook.com\/schronisko.nowytarg<\/p>\n\n\n\n<p>https:\/\/pieski.nowytarg.pl<br><\/p>\n","protected":false},"excerpt":{"rendered":"<p>Schronisko dla Bezdomnych Zwierz\u0105t w Nowym Targu istnieje od 1992 roku. Mie\u015bci si\u0119 przy ulicy Kokoszk\u00f3w 101. Trafiaj\u0105 tu bezdomne zwierz\u0119ta przywo\u017cone na polecenie Stra\u017cy Gminnej i Policji. Obecnie przebywaj\u0105 w Schronisku bezdomne psy z m.in. teren\u00f3w Miast: Nowy Targ, Zakopane, Jordan\u00f3w, Szczawnica, Kro\u015bcienko n\/D, [&hellip;]<\/p>\n","protected":false},"author":1,"featured_media":0,"parent":0,"menu_order":0,"comment_status":"closed","ping_status":"closed","template":"","meta":{"footnotes":""},"class_list":["post-24","page","type-page","status-publish","hentry"],"_links":{"self":[{"href":"http:\/\/pieski.nowytarg.pl\/wp-json\/wp\/v2\/pages\/24","targetHints":{"allow":["GET"]}}],"collection":[{"href":"http:\/\/pieski.nowytarg.pl\/wp-json\/wp\/v2\/pages"}],"about":[{"href":"http:\/\/pieski.nowytarg.pl\/wp-json\/wp\/v2\/types\/page"}],"author":[{"embeddable":true,"href":"http:\/\/pieski.nowytarg.pl\/wp-json\/wp\/v2\/users\/1"}],"replies":[{"embeddable":true,"href":"http:\/\/pieski.nowytarg.pl\/wp-json\/wp\/v2\/comments?post=24"}],"version-history":[{"count":3,"href":"http:\/\/pieski.nowytarg.pl\/wp-json\/wp\/v2\/pages\/24\/revisions"}],"predecessor-version":[{"id":464,"href":"http:\/\/pieski.nowytarg.pl\/wp-json\/wp\/v2\/pages\/24\/revisions\/464"}],"wp:attachment":[{"href":"http:\/\/pieski.nowytarg.pl\/wp-json\/wp\/v2\/media?parent=24"}],"curies":[{"name":"wp","href":"https:\/\/api.w.org\/{rel}","templated":true}]}}