{"id":20,"date":"2021-07-01T13:15:37","date_gmt":"2021-07-01T11:15:37","guid":{"rendered":"http:\/\/pieski2.nowytarg.pl\/?page_id=20"},"modified":"2026-04-12T20:09:34","modified_gmt":"2026-04-12T18:09:34","slug":"skad-mamy-pieski","status":"publish","type":"page","link":"http:\/\/pieski.nowytarg.pl\/skad-mamy-pieski\/","title":{"rendered":"Sk\u0105d mamy pieski"},"content":{"rendered":"\n<p>Szukasz swojego psa? A mo\u017ce spotka\u0142e\u015b na swojej drodze bezdomnego pieska i chcesz mu pom\u00f3c?<br>W zwi\u0105zku z zapytaniami o zakres i spos\u00f3b, w jaki pieski trafiaj\u0105 do schroniska, uprzejmie informujemy, \u017ce pieski do schroniska mog\u0105 zosta\u0107 zg\u0142oszone i doprowadzone do schroniska tylko na zlecenie Urz\u0119d\u00f3w Miast, Gmin, Stra\u017cy Gminnych b\u0105d\u017a Miejskich, a tak\u017ce Policji. Ma to na celu okre\u015blenie przejrzystej procedury doprowadzenia pieska, jej realizacji, a tak\u017ce eliminuje nieprawid\u0142owo\u015bci zwi\u0105zane z t\u0105 procedur\u0105 oraz ewentualne pom\u00f3wienia dotycz\u0105ce kradzie\u017cy zwierz\u0105t przez osoby prywatne. Ka\u017cde zg\u0142oszenie o bezdomnym zwierz\u0119ciu musi przej\u015b\u0107 przez instytucj\u0119 wymienion\u0105 na wst\u0119pie. Szczeg\u00f3\u0142owe informacje dotycz\u0105cych zg\u0142aszania ps\u00f3w z terenu danych Gmin oraz kontakt do poszczeg\u00f3lnych Gmin mo\u017cna znale\u017a\u0107 na stronach:<\/p>\n\n\n\n<p><a href=\"https:\/\/www.nowytarg.pl\/dane.php?cid=1717\">https:\/\/www.nowytarg.pl\/<\/a><\/p>\n\n\n\n<p><a href=\"https:\/\/www.zakopane.pl\/inne\/strefa-miejska\/srodowisko\/zwierzeta-domowe\/bezdomne-psy-i-koty\" data-type=\"URL\" target=\"_blank\" rel=\"noreferrer noopener\">https:\/\/www.zakopane.pl\/<\/a><\/p>\n\n\n\n<p><a href=\"https:\/\/mszana-dolna.eu\/\" target=\"_blank\" rel=\"noreferrer noopener\">https:\/\/mszana-dolna.eu\/<\/a><\/p>\n\n\n\n<p><a href=\"https:\/\/www.mszana.pl\/dla-mieszkanca\/zwierzaki-do-adopcji.html\" target=\"_blank\" rel=\"noreferrer noopener\">https:\/\/www.mszana.pl\/<\/a><\/p>\n\n\n\n<p><a href=\"https:\/\/urzad.sulkowice.pl\/\" target=\"_blank\" rel=\"noreferrer noopener\">https:\/\/urzad.sulkowice.pl\/<\/a><\/p>\n\n\n\n<p><a href=\"https:\/\/www.jordanow.pl\/\" target=\"_blank\" rel=\"noreferrer noopener\">https:\/\/www.jordanow.pl\/<\/a><\/p>\n\n\n\n<p><a href=\"https:\/\/szczawnica.pl\/\" target=\"_blank\" rel=\"noreferrer noopener\">https:\/\/szczawnica.pl\/<\/a><\/p>\n\n\n\n<p><a href=\"http:\/\/www.piwniczna.pl\/\" target=\"_blank\" rel=\"noreferrer noopener\">http:\/\/www.piwniczna.pl\/<\/a><\/p>\n\n\n\n<p><a href=\"https:\/\/ugnowytarg.pl\/\" target=\"_blank\" rel=\"noreferrer noopener\">https:\/\/ugnowytarg.pl\/<\/a><\/p>\n\n\n\n<p><a href=\"https:\/\/szaflary.pl\/nie-kupuj-adoptuj\/\" target=\"_blank\" rel=\"noreferrer noopener\">https:\/\/szaflary.pl\/nie-kupuj-adoptuj\/<\/a><\/p>\n\n\n\n<p><a href=\"http:\/\/www.dunajec.net\/\" target=\"_blank\" rel=\"noreferrer noopener\">http:\/\/www.dunajec.net\/<\/a><\/p>\n\n\n\n<p><a href=\"http:\/\/www.bukowinatatrzanska.pl\/\" target=\"_blank\" rel=\"noreferrer noopener\">http:\/\/www.bukowinatatrzanska.pl\/<\/a><\/p>\n\n\n\n<p><a href=\"https:\/\/www.lapszenizne.pl\/zaadoptuj-psa-ze-schroniska\" target=\"_blank\" rel=\"noreferrer noopener\">https:\/\/www.lapszenizne.pl\/<\/a><\/p>\n\n\n\n<p><a href=\"https:\/\/www.rabawyzna.pl\/\" target=\"_blank\" rel=\"noreferrer noopener\">https:\/\/www.rabawyzna.pl\/<\/a><\/p>\n\n\n\n<p><a href=\"https:\/\/www.lubien.pl\/asp\/start,0\" target=\"_blank\" rel=\"noreferrer noopener\">https:\/\/www.lubien.pl\/asp\/start,0<\/a><\/p>\n\n\n\n<p><a href=\"http:\/\/kroscienko.pl\/\" target=\"_blank\" rel=\"noreferrer noopener\">http:\/\/kroscienko.pl\/<\/a><\/p>\n\n\n\n<p><a href=\"https:\/\/www.jablonka.pl\/\" target=\"_blank\" rel=\"noreferrer noopener\">https:\/\/www.jablonka.pl\/<\/a><\/p>\n\n\n\n<p><a href=\"http:\/\/niedzwiedz.iap.pl\/\" target=\"_blank\" rel=\"noreferrer noopener\">http:\/\/niedzwiedz.iap.pl\/<\/a><\/p>\n\n\n\n<p><a href=\"https:\/\/www.tokarnia.info.pl\/\" target=\"_blank\" rel=\"noreferrer noopener\">https:\/\/www.tokarnia.info.pl\/<\/a><\/p>\n\n\n\n<p><a href=\"https:\/\/www.stryszawa.pl\/\" target=\"_blank\" rel=\"noreferrer noopener\">https:\/\/www.stryszawa.pl\/<\/a><\/p>\n\n\n\n<p><a href=\"https:\/\/www.gminapcim.pl\/\" target=\"_blank\" rel=\"noreferrer noopener\">https:\/\/www.gminapcim.pl\/<\/a><\/p>\n\n\n\n<p><a href=\"https:\/\/czorsztyn.pl\/strefa-mieszkanca\/bezdomne-zwierzeta\/\" target=\"_blank\" rel=\"noreferrer noopener\">https:\/\/www.czorsztyn.pl\/<\/a><\/p>\n\n\n\n<p><a href=\"https:\/\/raciechowice.pl\/\" target=\"_blank\" rel=\"noreferrer noopener\">https:\/\/raciechowice.pl\/<\/a><\/p>\n\n\n\n<p><a href=\"https:\/\/www.poronin.pl\/\" target=\"_blank\" rel=\"noreferrer noopener\">https:\/\/www.poronin.pl\/<\/a><\/p>\n\n\n\n<p><a href=\"https:\/\/iwkowa.pl\/\" target=\"_blank\" rel=\"noreferrer noopener\">https:\/\/iwkowa.pl\/<\/a><\/p>\n\n\n\n<p><a href=\"http:\/\/www.spytkowice.pl\/\" target=\"_blank\" rel=\"noreferrer noopener\">http:\/\/www.spytkowice.pl\/<\/a><\/p>\n\n\n\n<p><a href=\"http:\/\/www.gminakoscielisko.pl\/\" target=\"_blank\" rel=\"noreferrer noopener\">http:\/\/www.gminakoscielisko.pl\/<\/a><\/p>\n\n\n\n<p><a rel=\"noreferrer noopener\" href=\"https:\/\/l.facebook.com\/l.php?u=https%3A%2F%2Fwisniowa.pl%2F%3Ffbclid%3DIwAR16lUi8Fg7HWA32_H3eLUhzQZF7FsBP8zsj7oC4HMaK-NzuwSjVMTnG5_A&amp;h=AT0HeT0hpkAfhfRVFcAjnPoW5sq8uQVybw8K4D2uRaQr7SSmNpTtp1HivNbvf2DjrENEmo6WYVeR0XY5kXJlXKp8JpmKa9UB176K9JWlgFEuFFfBITcIMjXxiNF1NH1AEvsj\" target=\"_blank\">https:\/\/wisniowa.pl\/<\/a><\/p>\n\n\n\n<p><a href=\"https:\/\/www.lipnicawielka.pl\/\" target=\"_blank\" rel=\"noreferrer noopener\">https:\/\/www.lipnicawielka.pl\/<\/a><\/p>\n\n\n\n<p><a href=\"https:\/\/zegocina.pl\/\" target=\"_blank\" rel=\"noreferrer noopener\">https:\/\/zegocina.pl\/<\/a><\/p>\n\n\n\n<p><a href=\"https:\/\/slopnice.pl\/\" target=\"_blank\" rel=\"noreferrer noopener\">https:\/\/slopnice.pl\/<\/a><\/p>\n\n\n\n<p><a href=\"https:\/\/www.ochotnica.pl\/\" target=\"_blank\" rel=\"noreferrer noopener\">https:\/\/www.ochotnica.pl\/<\/a><\/p>\n\n\n\n<p><a rel=\"noreferrer noopener\" href=\"https:\/\/www.zawoja.pl\/\" target=\"_blank\">https:\/\/www.zawoja.pl\/<\/a><\/p>\n\n\n\n<p><a href=\"https:\/\/mszana-dolna.eu\/aktualnosci\/2020-06-17\/psy-do-adopcji.html\">https:\/\/mszana-dolna.eu<\/a><\/p>\n","protected":false},"excerpt":{"rendered":"<p>Szukasz swojego psa? A mo\u017ce spotka\u0142e\u015b na swojej drodze bezdomnego pieska i chcesz mu pom\u00f3c?W zwi\u0105zku z zapytaniami o zakres i spos\u00f3b, w jaki pieski trafiaj\u0105 do schroniska, uprzejmie informujemy, \u017ce pieski do schroniska mog\u0105 zosta\u0107 zg\u0142oszone i doprowadzone do schroniska tylko na zlecenie Urz\u0119d\u00f3w [&hellip;]<\/p>\n","protected":false},"author":1,"featured_media":0,"parent":0,"menu_order":0,"comment_status":"closed","ping_status":"closed","template":"","meta":{"footnotes":""},"class_list":["post-20","page","type-page","status-publish","hentry"],"_links":{"self":[{"href":"http:\/\/pieski.nowytarg.pl\/wp-json\/wp\/v2\/pages\/20","targetHints":{"allow":["GET"]}}],"collection":[{"href":"http:\/\/pieski.nowytarg.pl\/wp-json\/wp\/v2\/pages"}],"about":[{"href":"http:\/\/pieski.nowytarg.pl\/wp-json\/wp\/v2\/types\/page"}],"author":[{"embeddable":true,"href":"http:\/\/pieski.nowytarg.pl\/wp-json\/wp\/v2\/users\/1"}],"replies":[{"embeddable":true,"href":"http:\/\/pieski.nowytarg.pl\/wp-json\/wp\/v2\/comments?post=20"}],"version-history":[{"count":6,"href":"http:\/\/pieski.nowytarg.pl\/wp-json\/wp\/v2\/pages\/20\/revisions"}],"predecessor-version":[{"id":465,"href":"http:\/\/pieski.nowytarg.pl\/wp-json\/wp\/v2\/pages\/20\/revisions\/465"}],"wp:attachment":[{"href":"http:\/\/pieski.nowytarg.pl\/wp-json\/wp\/v2\/media?parent=20"}],"curies":[{"name":"wp","href":"https:\/\/api.w.org\/{rel}","templated":true}]}}