{"id":2,"date":"2021-07-01T12:03:14","date_gmt":"2021-07-01T10:03:14","guid":{"rendered":"http:\/\/pieski2.nowytarg.pl\/?page_id=2"},"modified":"2021-07-01T12:20:06","modified_gmt":"2021-07-01T10:20:06","slug":"przykladowa-strona","status":"publish","type":"page","link":"http:\/\/pieski.nowytarg.pl\/przykladowa-strona\/","title":{"rendered":"Dla odwiedzaj\u0105cych"},"content":{"rendered":"\n<p>Osoba zainteresowana zabraniem psa ze Schroniska musi posiada\u0107 dow\u00f3d osobisty, a w przypadku zabrania du\u017cego psa: obro\u017c\u0119 i smycz. Ka\u017cda osoba podpisuje zobowi\u0105zanie, zawieraj\u0105ce punkty m\u00f3wi\u0105ce o odpowiednim traktowaniu zwierz\u0119cia. Schronisko czynne jest w dni powszednie w godzinach od 8.00 do 16.00. Osoba przychodz\u0105ca po psa musi by\u0107 pe\u0142noletnia, a dzieci musz\u0105 by\u0107 pod opiek\u0105 rodzic\u00f3w.<\/p>\n\n\n\n<p class=\"has-text-align-left\"><img loading=\"lazy\" decoding=\"async\" width=\"150\" height=\"200\" class=\"wp-image-11\" style=\"width: 150px;\" src=\"http:\/\/pieski2.nowytarg.pl\/wp-content\/uploads\/2021\/07\/droga.jpg\" alt=\"Droga do Schroniska\" srcset=\"http:\/\/pieski.nowytarg.pl\/wp-content\/uploads\/2021\/07\/droga.jpg 300w, http:\/\/pieski.nowytarg.pl\/wp-content\/uploads\/2021\/07\/droga-225x300.jpg 225w\" sizes=\"auto, (max-width: 150px) 100vw, 150px\" \/><\/p>\n\n\n\n<p class=\"has-text-align-left\">Aby dojecha\u0107 do naszego schroniska nale\u017cy wjecha\u0107 na ulic\u0119 Kokoszk\u00f3w w Nowym Targu. Ulic\u0105 jedziemy do jej ko\u0144ca (Ko\u0144czy si\u0119 przy schronisku). W swoim ostatnim fragmencie prowadzi przez malowniczy las.<\/p>\n\n\n\n<p>Ka\u017cdy z ponad stu piesk\u00f3w czeka na kochaj\u0105cy dom. W schronisku mo\u017cna znale\u017a\u0107 wiernego i wdzi\u0119cznego przyjaciela.<\/p>\n\n\n\n<figure class=\"wp-block-image size-large\"><img loading=\"lazy\" decoding=\"async\" width=\"263\" height=\"350\" src=\"http:\/\/pieski2.nowytarg.pl\/wp-content\/uploads\/2021\/07\/pies1.jpg\" alt=\"\" class=\"wp-image-12\" srcset=\"http:\/\/pieski.nowytarg.pl\/wp-content\/uploads\/2021\/07\/pies1.jpg 263w, http:\/\/pieski.nowytarg.pl\/wp-content\/uploads\/2021\/07\/pies1-225x300.jpg 225w\" sizes=\"auto, (max-width: 263px) 100vw, 263px\" \/><\/figure>\n\n\n\n<figure class=\"wp-block-image size-large\"><img loading=\"lazy\" decoding=\"async\" width=\"418\" height=\"350\" src=\"http:\/\/pieski2.nowytarg.pl\/wp-content\/uploads\/2021\/07\/psy3.jpg\" alt=\"\" class=\"wp-image-13\" srcset=\"http:\/\/pieski.nowytarg.pl\/wp-content\/uploads\/2021\/07\/psy3.jpg 418w, http:\/\/pieski.nowytarg.pl\/wp-content\/uploads\/2021\/07\/psy3-300x251.jpg 300w\" sizes=\"auto, (max-width: 418px) 100vw, 418px\" \/><\/figure>\n\n\n\n<figure class=\"wp-block-image size-large\"><img loading=\"lazy\" decoding=\"async\" width=\"300\" height=\"230\" src=\"http:\/\/pieski2.nowytarg.pl\/wp-content\/uploads\/2021\/07\/wtr.jpg\" alt=\"\" class=\"wp-image-14\"\/><\/figure>\n","protected":false},"excerpt":{"rendered":"<p>Osoba zainteresowana zabraniem psa ze Schroniska musi posiada\u0107 dow\u00f3d osobisty, a w przypadku zabrania du\u017cego psa: obro\u017c\u0119 i smycz. Ka\u017cda osoba podpisuje zobowi\u0105zanie, zawieraj\u0105ce punkty m\u00f3wi\u0105ce o odpowiednim traktowaniu zwierz\u0119cia. Schronisko czynne jest w dni powszednie w godzinach od 8.00 do 16.00. Osoba przychodz\u0105ca po [&hellip;]<\/p>\n","protected":false},"author":1,"featured_media":0,"parent":0,"menu_order":0,"comment_status":"closed","ping_status":"open","template":"","meta":{"footnotes":""},"class_list":["post-2","page","type-page","status-publish","hentry"],"_links":{"self":[{"href":"http:\/\/pieski.nowytarg.pl\/wp-json\/wp\/v2\/pages\/2","targetHints":{"allow":["GET"]}}],"collection":[{"href":"http:\/\/pieski.nowytarg.pl\/wp-json\/wp\/v2\/pages"}],"about":[{"href":"http:\/\/pieski.nowytarg.pl\/wp-json\/wp\/v2\/types\/page"}],"author":[{"embeddable":true,"href":"http:\/\/pieski.nowytarg.pl\/wp-json\/wp\/v2\/users\/1"}],"replies":[{"embeddable":true,"href":"http:\/\/pieski.nowytarg.pl\/wp-json\/wp\/v2\/comments?post=2"}],"version-history":[{"count":1,"href":"http:\/\/pieski.nowytarg.pl\/wp-json\/wp\/v2\/pages\/2\/revisions"}],"predecessor-version":[{"id":15,"href":"http:\/\/pieski.nowytarg.pl\/wp-json\/wp\/v2\/pages\/2\/revisions\/15"}],"wp:attachment":[{"href":"http:\/\/pieski.nowytarg.pl\/wp-json\/wp\/v2\/media?parent=2"}],"curies":[{"name":"wp","href":"https:\/\/api.w.org\/{rel}","templated":true}]}}